{"id":649,"date":"2021-08-04T19:09:36","date_gmt":"2021-08-31T17:53:38","guid":{"rendered":"https:\/\/vignadellacava.com\/?post_type=product&#038;p=649"},"modified":"2025-04-29T14:05:43","modified_gmt":"2025-04-29T12:05:43","slug":"igt-rose-wine-flo","status":"publish","type":"product","link":"https:\/\/vignadellacava.com\/en\/prodotto\/igt-rose-wine-flo\/","title":{"rendered":"FL\u00d2 &#8211; IGT Rose Wine"},"content":{"rendered":"<p>Fl\u00f2 is the first wine born in the cellar, inspired by the great Proven\u00e7al ros\u00e9s but deeply linked to our land, because it is produced with <strong>Montepulciano<\/strong> from a <strong>1967<\/strong> vineyard.<br \/>Its delicate color, between powder pink and onion skin, anticipates a refined aromatic profile, with <strong>wild strawberries<\/strong>, <strong>sour cherry<\/strong> and nuances of <strong>white chocolate<\/strong>. In the mouth it is fresh, mineral, savoury, with a balance that makes it perfect to drink at any time.<br \/>Ideal with <strong>raw fish<\/strong>, <strong>pepata di cozze<\/strong>, <strong>summer salads<\/strong> and Mediterranean dishes.<br \/>The name Fl\u00f2 is a dedication to <strong>Flora<\/strong>, the horse that lived for years on that land, now the Magia vineyard. Now she lives peacefully not far away, but her presence remains part of this story.<\/p>\n","protected":false},"excerpt":{"rendered":"<p>This is where it all began; the desire to produce a rose wine inspired by the famous Proven\u00e7al roses\u2019 using the most well-known native vine from the Marche, the Montepulciano.<br \/>The versatility of these vines, which comes from a vineyard planted in 1967, has allowed Flo to obtain the peculiarities that it is known for; a light pink colour (nota tolto simile alla cipria perche\u2019 in inglese e\u2019 un dire che non si una ne suona bene), a delicate flavour of bush strawberries, a mineral taste, and a pleasantly rounded and lasting flavour (nota oppure puoi usare persistent invece di lasting flavour.)<br \/>Its name is in honour of a horse which lived in the acreage where now the Magia vines are planted. Its name was Flora and she kept us company eating grass and in return feeding the land. She now lives happily in a small agistment near Offagna.<\/p>\n","protected":false},"featured_media":693,"template":"","meta":{"_joinchat":[]},"product_brand":[],"product_cat":[41],"product_tag":[],"mwb_booking_people":[],"mwb_booking_cost":[],"mwb_booking_service":[],"class_list":{"0":"post-649","1":"product","2":"type-product","3":"status-publish","4":"has-post-thumbnail","6":"product_cat-wines","8":"first","9":"instock","10":"taxable","11":"shipping-taxable","12":"purchasable","13":"product-type-simple"},"yoast_head":"<!-- This site is optimized with the Yoast SEO plugin v27.3 - https:\/\/yoast.com\/product\/yoast-seo-wordpress\/ -->\n<title>FL\u00d2 - IGT Rose Wine - VIGNA DELLA CAVA<\/title>\n<meta name=\"robots\" content=\"index, follow, max-snippet:-1, max-image-preview:large, max-video-preview:-1\" \/>\n<link rel=\"canonical\" href=\"https:\/\/vignadellacava.com\/en\/prodotto\/igt-rose-wine-flo\/\" \/>\n<meta property=\"og:locale\" content=\"en_US\" \/>\n<meta property=\"og:type\" content=\"article\" \/>\n<meta property=\"og:title\" content=\"FL\u00d2 - IGT Rose Wine - VIGNA DELLA CAVA\" \/>\n<meta property=\"og:description\" content=\"This is where it all began; the desire to produce a rose wine inspired by the famous Proven\u00e7al roses\u2019 using the most well-known native vine from the Marche, the Montepulciano.The versatility of these vines, which comes from a vineyard planted in 1967, has allowed Flo to obtain the peculiarities that it is known for; a light pink colour (nota tolto simile alla cipria perche\u2019 in inglese e\u2019 un dire che non si una ne suona bene), a delicate flavour of bush strawberries, a mineral taste, and a pleasantly rounded and lasting flavour (nota oppure puoi usare persistent invece di lasting flavour.)Its name is in honour of a horse which lived in the acreage where now the Magia vines are planted. Its name was Flora and she kept us company eating grass and in return feeding the land. She now lives happily in a small agistment near Offagna.\" \/>\n<meta property=\"og:url\" content=\"https:\/\/vignadellacava.com\/en\/prodotto\/igt-rose-wine-flo\/\" \/>\n<meta property=\"og:site_name\" content=\"VIGNA DELLA CAVA\" \/>\n<meta property=\"article:publisher\" content=\"https:\/\/it-it.facebook.com\/vignadellacava\/\" \/>\n<meta property=\"article:modified_time\" content=\"2025-04-29T12:05:43+00:00\" \/>\n<meta property=\"og:image\" content=\"https:\/\/vignadellacava.com\/wp-content\/uploads\/2021\/09\/vigna-della-cava-cantina-vino-offagna-rose-flo-2.png\" \/>\n\t<meta property=\"og:image:width\" content=\"497\" \/>\n\t<meta property=\"og:image:height\" content=\"1409\" \/>\n\t<meta property=\"og:image:type\" content=\"image\/png\" \/>\n<meta name=\"twitter:card\" content=\"summary_large_image\" \/>\n<meta name=\"twitter:label1\" content=\"Est. reading time\" \/>\n\t<meta name=\"twitter:data1\" content=\"1 minute\" \/>\n<script type=\"application\/ld+json\" class=\"yoast-schema-graph\">{\"@context\":\"https:\\\/\\\/schema.org\",\"@graph\":[{\"@type\":\"WebPage\",\"@id\":\"https:\\\/\\\/vignadellacava.com\\\/en\\\/prodotto\\\/igt-rose-wine-flo\\\/\",\"url\":\"https:\\\/\\\/vignadellacava.com\\\/en\\\/prodotto\\\/igt-rose-wine-flo\\\/\",\"name\":\"FL\u00d2 - IGT Rose Wine - VIGNA DELLA CAVA\",\"isPartOf\":{\"@id\":\"https:\\\/\\\/vignadellacava.com\\\/en\\\/#website\"},\"primaryImageOfPage\":{\"@id\":\"https:\\\/\\\/vignadellacava.com\\\/en\\\/prodotto\\\/igt-rose-wine-flo\\\/#primaryimage\"},\"image\":{\"@id\":\"https:\\\/\\\/vignadellacava.com\\\/en\\\/prodotto\\\/igt-rose-wine-flo\\\/#primaryimage\"},\"thumbnailUrl\":\"https:\\\/\\\/vignadellacava.com\\\/wp-content\\\/uploads\\\/2021\\\/09\\\/vigna-della-cava-cantina-vino-offagna-rose-flo-2.png\",\"datePublished\":\"2021-08-31T17:53:38+00:00\",\"dateModified\":\"2025-04-29T12:05:43+00:00\",\"breadcrumb\":{\"@id\":\"https:\\\/\\\/vignadellacava.com\\\/en\\\/prodotto\\\/igt-rose-wine-flo\\\/#breadcrumb\"},\"inLanguage\":\"en-US\",\"potentialAction\":[{\"@type\":\"ReadAction\",\"target\":[\"https:\\\/\\\/vignadellacava.com\\\/en\\\/prodotto\\\/igt-rose-wine-flo\\\/\"]}]},{\"@type\":\"ImageObject\",\"inLanguage\":\"en-US\",\"@id\":\"https:\\\/\\\/vignadellacava.com\\\/en\\\/prodotto\\\/igt-rose-wine-flo\\\/#primaryimage\",\"url\":\"https:\\\/\\\/vignadellacava.com\\\/wp-content\\\/uploads\\\/2021\\\/09\\\/vigna-della-cava-cantina-vino-offagna-rose-flo-2.png\",\"contentUrl\":\"https:\\\/\\\/vignadellacava.com\\\/wp-content\\\/uploads\\\/2021\\\/09\\\/vigna-della-cava-cantina-vino-offagna-rose-flo-2.png\",\"width\":497,\"height\":1409},{\"@type\":\"BreadcrumbList\",\"@id\":\"https:\\\/\\\/vignadellacava.com\\\/en\\\/prodotto\\\/igt-rose-wine-flo\\\/#breadcrumb\",\"itemListElement\":[{\"@type\":\"ListItem\",\"position\":1,\"name\":\"Home\",\"item\":\"https:\\\/\\\/vignadellacava.com\\\/en\\\/\"},{\"@type\":\"ListItem\",\"position\":2,\"name\":\"Shop\",\"item\":\"https:\\\/\\\/vignadellacava.com\\\/negozio\\\/\"},{\"@type\":\"ListItem\",\"position\":3,\"name\":\"FL\u00d2 &#8211; IGT Rose Wine\"}]},{\"@type\":\"WebSite\",\"@id\":\"https:\\\/\\\/vignadellacava.com\\\/en\\\/#website\",\"url\":\"https:\\\/\\\/vignadellacava.com\\\/en\\\/\",\"name\":\"VIGNA DELLA CAVA\",\"description\":\"\",\"publisher\":{\"@id\":\"https:\\\/\\\/vignadellacava.com\\\/en\\\/#organization\"},\"potentialAction\":[{\"@type\":\"SearchAction\",\"target\":{\"@type\":\"EntryPoint\",\"urlTemplate\":\"https:\\\/\\\/vignadellacava.com\\\/en\\\/?s={search_term_string}\"},\"query-input\":{\"@type\":\"PropertyValueSpecification\",\"valueRequired\":true,\"valueName\":\"search_term_string\"}}],\"inLanguage\":\"en-US\"},{\"@type\":\"Organization\",\"@id\":\"https:\\\/\\\/vignadellacava.com\\\/en\\\/#organization\",\"name\":\"VIGNA DELLA CAVA\",\"url\":\"https:\\\/\\\/vignadellacava.com\\\/en\\\/\",\"logo\":{\"@type\":\"ImageObject\",\"inLanguage\":\"en-US\",\"@id\":\"https:\\\/\\\/vignadellacava.com\\\/en\\\/#\\\/schema\\\/logo\\\/image\\\/\",\"url\":\"https:\\\/\\\/vignadellacava.com\\\/wp-content\\\/uploads\\\/2021\\\/08\\\/VIGNA-DELLA-CAVA.png\",\"contentUrl\":\"https:\\\/\\\/vignadellacava.com\\\/wp-content\\\/uploads\\\/2021\\\/08\\\/VIGNA-DELLA-CAVA.png\",\"width\":271,\"height\":22,\"caption\":\"VIGNA DELLA CAVA\"},\"image\":{\"@id\":\"https:\\\/\\\/vignadellacava.com\\\/en\\\/#\\\/schema\\\/logo\\\/image\\\/\"},\"sameAs\":[\"https:\\\/\\\/it-it.facebook.com\\\/vignadellacava\\\/\",\"https:\\\/\\\/www.instagram.com\\\/vigna_della_cava\\\/\"]}]}<\/script>\n<!-- \/ Yoast SEO plugin. -->","yoast_head_json":{"title":"FL\u00d2 - IGT Rose Wine - VIGNA DELLA CAVA","robots":{"index":"index","follow":"follow","max-snippet":"max-snippet:-1","max-image-preview":"max-image-preview:large","max-video-preview":"max-video-preview:-1"},"canonical":"https:\/\/vignadellacava.com\/en\/prodotto\/igt-rose-wine-flo\/","og_locale":"en_US","og_type":"article","og_title":"FL\u00d2 - IGT Rose Wine - VIGNA DELLA CAVA","og_description":"This is where it all began; the desire to produce a rose wine inspired by the famous Proven\u00e7al roses\u2019 using the most well-known native vine from the Marche, the Montepulciano.The versatility of these vines, which comes from a vineyard planted in 1967, has allowed Flo to obtain the peculiarities that it is known for; a light pink colour (nota tolto simile alla cipria perche\u2019 in inglese e\u2019 un dire che non si una ne suona bene), a delicate flavour of bush strawberries, a mineral taste, and a pleasantly rounded and lasting flavour (nota oppure puoi usare persistent invece di lasting flavour.)Its name is in honour of a horse which lived in the acreage where now the Magia vines are planted. Its name was Flora and she kept us company eating grass and in return feeding the land. She now lives happily in a small agistment near Offagna.","og_url":"https:\/\/vignadellacava.com\/en\/prodotto\/igt-rose-wine-flo\/","og_site_name":"VIGNA DELLA CAVA","article_publisher":"https:\/\/it-it.facebook.com\/vignadellacava\/","article_modified_time":"2025-04-29T12:05:43+00:00","og_image":[{"width":497,"height":1409,"url":"https:\/\/vignadellacava.com\/wp-content\/uploads\/2021\/09\/vigna-della-cava-cantina-vino-offagna-rose-flo-2.png","type":"image\/png"}],"twitter_card":"summary_large_image","twitter_misc":{"Est. reading time":"1 minute"},"schema":{"@context":"https:\/\/schema.org","@graph":[{"@type":"WebPage","@id":"https:\/\/vignadellacava.com\/en\/prodotto\/igt-rose-wine-flo\/","url":"https:\/\/vignadellacava.com\/en\/prodotto\/igt-rose-wine-flo\/","name":"FL\u00d2 - IGT Rose Wine - VIGNA DELLA CAVA","isPartOf":{"@id":"https:\/\/vignadellacava.com\/en\/#website"},"primaryImageOfPage":{"@id":"https:\/\/vignadellacava.com\/en\/prodotto\/igt-rose-wine-flo\/#primaryimage"},"image":{"@id":"https:\/\/vignadellacava.com\/en\/prodotto\/igt-rose-wine-flo\/#primaryimage"},"thumbnailUrl":"https:\/\/vignadellacava.com\/wp-content\/uploads\/2021\/09\/vigna-della-cava-cantina-vino-offagna-rose-flo-2.png","datePublished":"2021-08-31T17:53:38+00:00","dateModified":"2025-04-29T12:05:43+00:00","breadcrumb":{"@id":"https:\/\/vignadellacava.com\/en\/prodotto\/igt-rose-wine-flo\/#breadcrumb"},"inLanguage":"en-US","potentialAction":[{"@type":"ReadAction","target":["https:\/\/vignadellacava.com\/en\/prodotto\/igt-rose-wine-flo\/"]}]},{"@type":"ImageObject","inLanguage":"en-US","@id":"https:\/\/vignadellacava.com\/en\/prodotto\/igt-rose-wine-flo\/#primaryimage","url":"https:\/\/vignadellacava.com\/wp-content\/uploads\/2021\/09\/vigna-della-cava-cantina-vino-offagna-rose-flo-2.png","contentUrl":"https:\/\/vignadellacava.com\/wp-content\/uploads\/2021\/09\/vigna-della-cava-cantina-vino-offagna-rose-flo-2.png","width":497,"height":1409},{"@type":"BreadcrumbList","@id":"https:\/\/vignadellacava.com\/en\/prodotto\/igt-rose-wine-flo\/#breadcrumb","itemListElement":[{"@type":"ListItem","position":1,"name":"Home","item":"https:\/\/vignadellacava.com\/en\/"},{"@type":"ListItem","position":2,"name":"Shop","item":"https:\/\/vignadellacava.com\/negozio\/"},{"@type":"ListItem","position":3,"name":"FL\u00d2 &#8211; IGT Rose Wine"}]},{"@type":"WebSite","@id":"https:\/\/vignadellacava.com\/en\/#website","url":"https:\/\/vignadellacava.com\/en\/","name":"VIGNA DELLA CAVA","description":"","publisher":{"@id":"https:\/\/vignadellacava.com\/en\/#organization"},"potentialAction":[{"@type":"SearchAction","target":{"@type":"EntryPoint","urlTemplate":"https:\/\/vignadellacava.com\/en\/?s={search_term_string}"},"query-input":{"@type":"PropertyValueSpecification","valueRequired":true,"valueName":"search_term_string"}}],"inLanguage":"en-US"},{"@type":"Organization","@id":"https:\/\/vignadellacava.com\/en\/#organization","name":"VIGNA DELLA CAVA","url":"https:\/\/vignadellacava.com\/en\/","logo":{"@type":"ImageObject","inLanguage":"en-US","@id":"https:\/\/vignadellacava.com\/en\/#\/schema\/logo\/image\/","url":"https:\/\/vignadellacava.com\/wp-content\/uploads\/2021\/08\/VIGNA-DELLA-CAVA.png","contentUrl":"https:\/\/vignadellacava.com\/wp-content\/uploads\/2021\/08\/VIGNA-DELLA-CAVA.png","width":271,"height":22,"caption":"VIGNA DELLA CAVA"},"image":{"@id":"https:\/\/vignadellacava.com\/en\/#\/schema\/logo\/image\/"},"sameAs":["https:\/\/it-it.facebook.com\/vignadellacava\/","https:\/\/www.instagram.com\/vigna_della_cava\/"]}]}},"_links":{"self":[{"href":"https:\/\/vignadellacava.com\/en\/wp-json\/wp\/v2\/product\/649","targetHints":{"allow":["GET"]}}],"collection":[{"href":"https:\/\/vignadellacava.com\/en\/wp-json\/wp\/v2\/product"}],"about":[{"href":"https:\/\/vignadellacava.com\/en\/wp-json\/wp\/v2\/types\/product"}],"wp:featuredmedia":[{"embeddable":true,"href":"https:\/\/vignadellacava.com\/en\/wp-json\/wp\/v2\/media\/693"}],"wp:attachment":[{"href":"https:\/\/vignadellacava.com\/en\/wp-json\/wp\/v2\/media?parent=649"}],"wp:term":[{"taxonomy":"product_brand","embeddable":true,"href":"https:\/\/vignadellacava.com\/en\/wp-json\/wp\/v2\/product_brand?post=649"},{"taxonomy":"product_cat","embeddable":true,"href":"https:\/\/vignadellacava.com\/en\/wp-json\/wp\/v2\/product_cat?post=649"},{"taxonomy":"product_tag","embeddable":true,"href":"https:\/\/vignadellacava.com\/en\/wp-json\/wp\/v2\/product_tag?post=649"},{"taxonomy":"mwb_booking_people","embeddable":true,"href":"https:\/\/vignadellacava.com\/en\/wp-json\/wp\/v2\/mwb_booking_people?post=649"},{"taxonomy":"mwb_booking_cost","embeddable":true,"href":"https:\/\/vignadellacava.com\/en\/wp-json\/wp\/v2\/mwb_booking_cost?post=649"},{"taxonomy":"mwb_booking_service","embeddable":true,"href":"https:\/\/vignadellacava.com\/en\/wp-json\/wp\/v2\/mwb_booking_service?post=649"}],"curies":[{"name":"wp","href":"https:\/\/api.w.org\/{rel}","templated":true}]}}